{"id":314,"date":"2024-11-08T10:36:45","date_gmt":"2024-11-08T09:36:45","guid":{"rendered":"https:\/\/www.qrsi.it\/?page_id=314"},"modified":"2024-11-11T10:07:09","modified_gmt":"2024-11-11T09:07:09","slug":"prodotti","status":"publish","type":"page","link":"https:\/\/www.qrsi.it\/?page_id=314","title":{"rendered":"Prodotti"},"content":{"rendered":"\t\t<div data-elementor-type=\"wp-page\" data-elementor-id=\"314\" class=\"elementor elementor-314\" data-elementor-post-type=\"page\">\n\t\t\t\t<div class=\"elementor-element elementor-element-967b23d e-flex e-con-boxed e-con e-parent\" data-id=\"967b23d\" data-element_type=\"container\" data-settings=\"{&quot;background_background&quot;:&quot;classic&quot;}\">\n\t\t\t\t\t<div class=\"e-con-inner\">\n\t\t<div class=\"elementor-element elementor-element-921daa3 e-con-full e-flex e-con e-child\" data-id=\"921daa3\" data-element_type=\"container\">\n\t\t\t\t<div class=\"elementor-element elementor-element-46f9628 elementor-widget elementor-widget-text-editor\" data-id=\"46f9628\" data-element_type=\"widget\" data-widget_type=\"text-editor.default\">\n\t\t\t\t<div class=\"elementor-widget-container\">\n\t\t\t\t\t\t\t\t\t<p>MARKETING ESPERIENZIALE \/ <strong><span style=\"color: #008000;\">PRODOTTI<\/span><\/strong><\/p>\t\t\t\t\t\t\t\t<\/div>\n\t\t\t\t<\/div>\n\t\t\t\t<div class=\"elementor-element elementor-element-5a0b411 elementor-widget elementor-widget-heading\" data-id=\"5a0b411\" data-element_type=\"widget\" data-widget_type=\"heading.default\">\n\t\t\t\t<div class=\"elementor-widget-container\">\n\t\t\t\t\t<h1 class=\"elementor-heading-title elementor-size-default\">Prodotti<\/h1>\t\t\t\t<\/div>\n\t\t\t\t<\/div>\n\t\t\t\t<div class=\"elementor-element elementor-element-4027b2b elementor-widget elementor-widget-heading\" data-id=\"4027b2b\" data-element_type=\"widget\" data-widget_type=\"heading.default\">\n\t\t\t\t<div class=\"elementor-widget-container\">\n\t\t\t\t\t<h4 class=\"elementor-heading-title elementor-size-default\">Prodotti locali e identitari che rappresentano l\u2019essenza del territorio.<\/h4>\t\t\t\t<\/div>\n\t\t\t\t<\/div>\n\t\t\t\t<div class=\"elementor-element elementor-element-d2d9206 elementor-widget elementor-widget-text-editor\" data-id=\"d2d9206\" data-element_type=\"widget\" data-widget_type=\"text-editor.default\">\n\t\t\t\t<div class=\"elementor-widget-container\">\n\t\t\t\t\t\t\t\t\t<p>Ogni prodotto \u00e8 stato accuratamente selezionato per rappresentare la cultura, le tradizioni e i sapori autentici del territorio. Questi prodotti non sono solo eccellenze gastronomiche, ma veri e propri ambasciatori del patrimonio locale, pronti a offrire un assaggio unico e indimenticabile del territorio. Dai vini ai prodotti agroalimentari, scopri come il nostro territorio pu\u00f2 diventare un\u2019esperienza da gustare.<\/p>\t\t\t\t\t\t\t\t<\/div>\n\t\t\t\t<\/div>\n\t\t\t\t<div class=\"elementor-element elementor-element-ab3156e elementor-widget elementor-widget-button\" data-id=\"ab3156e\" data-element_type=\"widget\" data-widget_type=\"button.default\">\n\t\t\t\t<div class=\"elementor-widget-container\">\n\t\t\t\t\t\t\t\t\t<div class=\"elementor-button-wrapper\">\n\t\t\t\t\t<a class=\"elementor-button elementor-button-link elementor-size-sm\" href=\"#\">\n\t\t\t\t\t\t<span class=\"elementor-button-content-wrapper\">\n\t\t\t\t\t\t\t\t\t<span class=\"elementor-button-text\">Esplora i nostri prodotti<\/span>\n\t\t\t\t\t<\/span>\n\t\t\t\t\t<\/a>\n\t\t\t\t<\/div>\n\t\t\t\t\t\t\t\t<\/div>\n\t\t\t\t<\/div>\n\t\t\t\t<\/div>\n\t\t<div class=\"elementor-element elementor-element-80924df e-con-full e-flex e-con e-child\" data-id=\"80924df\" data-element_type=\"container\">\n\t\t\t\t<div class=\"elementor-element elementor-element-8d3d334 elementor-widget elementor-widget-image\" data-id=\"8d3d334\" data-element_type=\"widget\" data-widget_type=\"image.default\">\n\t\t\t\t<div class=\"elementor-widget-container\">\n\t\t\t\t\t\t\t\t\t\t\t\t\t\t\t<img fetchpriority=\"high\" decoding=\"async\" width=\"1000\" height=\"600\" src=\"https:\/\/www.qrsi.it\/wp-content\/uploads\/2024\/11\/esperienze-unicosi.png\" class=\"attachment-full size-full wp-image-759\" alt=\"\" srcset=\"https:\/\/www.qrsi.it\/wp-content\/uploads\/2024\/11\/esperienze-unicosi.png 1000w, https:\/\/www.qrsi.it\/wp-content\/uploads\/2024\/11\/esperienze-unicosi-300x180.png 300w, https:\/\/www.qrsi.it\/wp-content\/uploads\/2024\/11\/esperienze-unicosi-768x461.png 768w\" sizes=\"(max-width: 1000px) 100vw, 1000px\" \/>\t\t\t\t\t\t\t\t\t\t\t\t\t\t\t<\/div>\n\t\t\t\t<\/div>\n\t\t\t\t<\/div>\n\t\t\t\t\t<\/div>\n\t\t\t\t<\/div>\n\t\t<div class=\"elementor-element elementor-element-e80b41a e-flex e-con-boxed e-con e-parent\" data-id=\"e80b41a\" data-element_type=\"container\" data-settings=\"{&quot;background_background&quot;:&quot;classic&quot;}\">\n\t\t\t\t\t<div class=\"e-con-inner\">\n\t\t<div class=\"elementor-element elementor-element-22877b4 e-con-full e-flex e-con e-child\" data-id=\"22877b4\" data-element_type=\"container\">\n\t\t\t\t<div class=\"elementor-element elementor-element-3ee48be elementor-widget elementor-widget-heading\" data-id=\"3ee48be\" data-element_type=\"widget\" data-widget_type=\"heading.default\">\n\t\t\t\t<div class=\"elementor-widget-container\">\n\t\t\t\t\t<h2 class=\"elementor-heading-title elementor-size-default\">Prodotti del Territorio<\/h2>\t\t\t\t<\/div>\n\t\t\t\t<\/div>\n\t\t\t\t<div class=\"elementor-element elementor-element-527f109 elementor-widget elementor-widget-heading\" data-id=\"527f109\" data-element_type=\"widget\" data-widget_type=\"heading.default\">\n\t\t\t\t<div class=\"elementor-widget-container\">\n\t\t\t\t\t<h5 class=\"elementor-heading-title elementor-size-default\">Esplora i sapori e le tradizioni della Magna Grecia e dei territori circostanti attraverso prodotti che raccontano la storia, l\u2019identit\u00e0 e la cultura locale. Ogni prodotto \u00e8 un pezzo di tradizione che riporta alla memoria antiche usanze e storie, arricchendo l\u2019esperienza di ogni visitatore con gusti autentici e simboli territoriali.<\/h5>\t\t\t\t<\/div>\n\t\t\t\t<\/div>\n\t\t\t\t<\/div>\n\t\t<div class=\"elementor-element elementor-element-6650fe1 e-con-full e-flex e-con e-child\" data-id=\"6650fe1\" data-element_type=\"container\">\n\t\t\t\t<div class=\"elementor-element elementor-element-f487778 elementor-widget-tablet__width-initial elementor-widget-mobile__width-inherit elementor-widget__width-initial elementor-position-top elementor-widget elementor-widget-image-box\" data-id=\"f487778\" data-element_type=\"widget\" data-widget_type=\"image-box.default\">\n\t\t\t\t<div class=\"elementor-widget-container\">\n\t\t\t\t\t<div class=\"elementor-image-box-wrapper\"><figure class=\"elementor-image-box-img\"><a href=\"https:\/\/library.elementor.com\/local-services-wireframe-1-flexbox\/services\/#service_1\" tabindex=\"-1\"><img decoding=\"async\" width=\"800\" height=\"800\" src=\"https:\/\/www.qrsi.it\/wp-content\/uploads\/2024\/11\/prodotti-1.png\" class=\"elementor-animation-grow attachment-full size-full wp-image-783\" alt=\"\" srcset=\"https:\/\/www.qrsi.it\/wp-content\/uploads\/2024\/11\/prodotti-1.png 800w, https:\/\/www.qrsi.it\/wp-content\/uploads\/2024\/11\/prodotti-1-300x300.png 300w, https:\/\/www.qrsi.it\/wp-content\/uploads\/2024\/11\/prodotti-1-150x150.png 150w, https:\/\/www.qrsi.it\/wp-content\/uploads\/2024\/11\/prodotti-1-768x768.png 768w\" sizes=\"(max-width: 800px) 100vw, 800px\" \/><\/a><\/figure><div class=\"elementor-image-box-content\"><h4 class=\"elementor-image-box-title\"><a href=\"https:\/\/library.elementor.com\/local-services-wireframe-1-flexbox\/services\/#service_1\">Agroalimentari<\/a><\/h4><p class=\"elementor-image-box-description\">Un viaggio attraverso i sapori della Magna Grecia e delle terre italiane. Dai formaggi stagionati agli oli extravergine, ogni prodotto agroalimentare \u00e8 frutto di secoli di tradizione e sapienza artigianale.<\/p><\/div><\/div>\t\t\t\t<\/div>\n\t\t\t\t<\/div>\n\t\t\t\t<div class=\"elementor-element elementor-element-d4518e8 elementor-widget-tablet__width-initial elementor-widget-mobile__width-inherit elementor-widget__width-initial elementor-position-top elementor-widget elementor-widget-image-box\" data-id=\"d4518e8\" data-element_type=\"widget\" data-widget_type=\"image-box.default\">\n\t\t\t\t<div class=\"elementor-widget-container\">\n\t\t\t\t\t<div class=\"elementor-image-box-wrapper\"><figure class=\"elementor-image-box-img\"><a href=\"https:\/\/library.elementor.com\/local-services-wireframe-1-flexbox\/services\/#service_2\" tabindex=\"-1\"><img decoding=\"async\" width=\"800\" height=\"800\" src=\"https:\/\/www.qrsi.it\/wp-content\/uploads\/2024\/11\/prodotti-2.png\" class=\"elementor-animation-grow attachment-full size-full wp-image-784\" alt=\"\" srcset=\"https:\/\/www.qrsi.it\/wp-content\/uploads\/2024\/11\/prodotti-2.png 800w, https:\/\/www.qrsi.it\/wp-content\/uploads\/2024\/11\/prodotti-2-300x300.png 300w, https:\/\/www.qrsi.it\/wp-content\/uploads\/2024\/11\/prodotti-2-150x150.png 150w, https:\/\/www.qrsi.it\/wp-content\/uploads\/2024\/11\/prodotti-2-768x768.png 768w\" sizes=\"(max-width: 800px) 100vw, 800px\" \/><\/a><\/figure><div class=\"elementor-image-box-content\"><h4 class=\"elementor-image-box-title\"><a href=\"https:\/\/library.elementor.com\/local-services-wireframe-1-flexbox\/services\/#service_2\">Prodotti Identitari<\/a><\/h4><p class=\"elementor-image-box-description\">Vini e altri simboli del territorio che raccontano la storia e l\u2019identit\u00e0 locale. Ogni bottiglia e prodotto \u00e8 un concentrato di cultura, che porta con s\u00e9 il sapore unico della terra d\u2019origine.<\/p><\/div><\/div>\t\t\t\t<\/div>\n\t\t\t\t<\/div>\n\t\t\t\t<div class=\"elementor-element elementor-element-827fc14 elementor-widget-tablet__width-initial elementor-widget-mobile__width-inherit elementor-widget__width-initial elementor-position-top elementor-widget elementor-widget-image-box\" data-id=\"827fc14\" data-element_type=\"widget\" data-widget_type=\"image-box.default\">\n\t\t\t\t<div class=\"elementor-widget-container\">\n\t\t\t\t\t<div class=\"elementor-image-box-wrapper\"><figure class=\"elementor-image-box-img\"><a href=\"https:\/\/library.elementor.com\/local-services-wireframe-1-flexbox\/services\/#service_3\" tabindex=\"-1\"><img loading=\"lazy\" decoding=\"async\" width=\"800\" height=\"800\" src=\"https:\/\/www.qrsi.it\/wp-content\/uploads\/2024\/11\/prodotti-3.png\" class=\"elementor-animation-grow attachment-full size-full wp-image-785\" alt=\"\" srcset=\"https:\/\/www.qrsi.it\/wp-content\/uploads\/2024\/11\/prodotti-3.png 800w, https:\/\/www.qrsi.it\/wp-content\/uploads\/2024\/11\/prodotti-3-300x300.png 300w, https:\/\/www.qrsi.it\/wp-content\/uploads\/2024\/11\/prodotti-3-150x150.png 150w, https:\/\/www.qrsi.it\/wp-content\/uploads\/2024\/11\/prodotti-3-768x768.png 768w\" sizes=\"(max-width: 800px) 100vw, 800px\" \/><\/a><\/figure><div class=\"elementor-image-box-content\"><h4 class=\"elementor-image-box-title\"><a href=\"https:\/\/library.elementor.com\/local-services-wireframe-1-flexbox\/services\/#service_3\">Ortofrutticoli e Agricoli<\/a><\/h4><p class=\"elementor-image-box-description\">Alla scoperta delle produzioni locali, dai frutti freschi alle verdure coltivate secondo le tradizioni italiane. I nostri prodotti agricoli rappresentano un legame diretto con il territorio e la stagionalit\u00e0.<\/p><\/div><\/div>\t\t\t\t<\/div>\n\t\t\t\t<\/div>\n\t\t\t\t<\/div>\n\t\t\t\t\t<\/div>\n\t\t\t\t<\/div>\n\t\t<div class=\"elementor-element elementor-element-4a44444 e-flex e-con-boxed e-con e-parent\" data-id=\"4a44444\" data-element_type=\"container\" data-settings=\"{&quot;background_background&quot;:&quot;classic&quot;}\">\n\t\t\t\t\t<div class=\"e-con-inner\">\n\t\t\t\t<div class=\"elementor-element elementor-element-8de4b45 elementor-widget elementor-widget-heading\" data-id=\"8de4b45\" data-element_type=\"widget\" data-widget_type=\"heading.default\">\n\t\t\t\t<div class=\"elementor-widget-container\">\n\t\t\t\t\t<h2 class=\"elementor-heading-title elementor-size-default\">Scopri i prodotti<\/h2>\t\t\t\t<\/div>\n\t\t\t\t<\/div>\n\t\t\t\t<div class=\"elementor-element elementor-element-64e9ef4 elementor-widget elementor-widget-heading\" data-id=\"64e9ef4\" data-element_type=\"widget\" data-widget_type=\"heading.default\">\n\t\t\t\t<div class=\"elementor-widget-container\">\n\t\t\t\t\t<h1 class=\"elementor-heading-title elementor-size-default\">Coomong Soon<\/h1>\t\t\t\t<\/div>\n\t\t\t\t<\/div>\n\t\t\t\t<div class=\"elementor-element elementor-element-6d292b0 elementor-widget elementor-widget-text-editor\" data-id=\"6d292b0\" data-element_type=\"widget\" data-widget_type=\"text-editor.default\">\n\t\t\t\t<div class=\"elementor-widget-container\">\n\t\t\t\t\t\t\t\t\t<p>Ogni prodotto DSET \u00e8 una porta d\u2019accesso verso un\u2019esperienza unica. Siamo in continua collaborazione con partner locali per arricchire l\u2019offerta e darti l\u2019opportunit\u00e0 di esplorare sempre nuovi sapori e storie. Tieni d\u2019occhio questa sezione per le prossime novit\u00e0 e scopri come il patrimonio culturale e gastronomico del nostro territorio pu\u00f2 diventare un\u2019esperienza da vivere e gustare.<\/p>\t\t\t\t\t\t\t\t<\/div>\n\t\t\t\t<\/div>\n\t\t\t\t<div class=\"elementor-element elementor-element-4829708 elementor-align-center elementor-widget elementor-widget-button\" data-id=\"4829708\" data-element_type=\"widget\" data-widget_type=\"button.default\">\n\t\t\t\t<div class=\"elementor-widget-container\">\n\t\t\t\t\t\t\t\t\t<div class=\"elementor-button-wrapper\">\n\t\t\t\t\t<a class=\"elementor-button elementor-button-link elementor-size-sm\" href=\"#contatti\">\n\t\t\t\t\t\t<span class=\"elementor-button-content-wrapper\">\n\t\t\t\t\t\t\t\t\t<span class=\"elementor-button-text\">Contattaci per maggiori informazioni<\/span>\n\t\t\t\t\t<\/span>\n\t\t\t\t\t<\/a>\n\t\t\t\t<\/div>\n\t\t\t\t\t\t\t\t<\/div>\n\t\t\t\t<\/div>\n\t\t\t\t\t<\/div>\n\t\t\t\t<\/div>\n\t\t\t\t<\/div>\n\t\t","protected":false},"excerpt":{"rendered":"<p>MARKETING ESPERIENZIALE \/ PRODOTTI Prodotti Prodotti locali e identitari che rappresentano l\u2019essenza del territorio. Ogni prodotto \u00e8 stato accuratamente selezionato per rappresentare la cultura, le tradizioni e i sapori autentici del territorio. Questi prodotti non sono solo eccellenze gastronomiche, ma veri e propri ambasciatori del patrimonio locale, pronti a offrire un assaggio unico e indimenticabile [&hellip;]<\/p>\n","protected":false},"author":1,"featured_media":0,"parent":0,"menu_order":0,"comment_status":"closed","ping_status":"closed","template":"","meta":{"inline_featured_image":false,"footnotes":""},"class_list":["post-314","page","type-page","status-publish","hentry"],"_links":{"self":[{"href":"https:\/\/www.qrsi.it\/index.php?rest_route=\/wp\/v2\/pages\/314","targetHints":{"allow":["GET"]}}],"collection":[{"href":"https:\/\/www.qrsi.it\/index.php?rest_route=\/wp\/v2\/pages"}],"about":[{"href":"https:\/\/www.qrsi.it\/index.php?rest_route=\/wp\/v2\/types\/page"}],"author":[{"embeddable":true,"href":"https:\/\/www.qrsi.it\/index.php?rest_route=\/wp\/v2\/users\/1"}],"replies":[{"embeddable":true,"href":"https:\/\/www.qrsi.it\/index.php?rest_route=%2Fwp%2Fv2%2Fcomments&post=314"}],"version-history":[{"count":10,"href":"https:\/\/www.qrsi.it\/index.php?rest_route=\/wp\/v2\/pages\/314\/revisions"}],"predecessor-version":[{"id":788,"href":"https:\/\/www.qrsi.it\/index.php?rest_route=\/wp\/v2\/pages\/314\/revisions\/788"}],"wp:attachment":[{"href":"https:\/\/www.qrsi.it\/index.php?rest_route=%2Fwp%2Fv2%2Fmedia&parent=314"}],"curies":[{"name":"wp","href":"https:\/\/api.w.org\/{rel}","templated":true}]}}